{"id":5950,"date":"2024-12-09T11:48:17","date_gmt":"2024-12-09T10:48:17","guid":{"rendered":"https:\/\/preprod.nessell.ch\/?page_id=5950"},"modified":"2026-01-26T22:42:17","modified_gmt":"2026-01-26T21:42:17","slug":"for-rent","status":"publish","type":"page","link":"http:\/\/staging.nessell.ch\/en\/for-rent\/","title":{"rendered":"For rent"},"content":{"rendered":"\t\t<div data-elementor-type=\"wp-page\" data-elementor-id=\"5950\" class=\"elementor elementor-5950 elementor-5949\" data-elementor-post-type=\"page\">\n\t\t\t\t\t\t<section class=\"elementor-section elementor-top-section elementor-element elementor-element-7d72e1e elementor-section-boxed elementor-section-height-default elementor-section-height-default\" data-id=\"7d72e1e\" data-element_type=\"section\">\n\t\t\t\t\t\t<div class=\"elementor-container elementor-column-gap-default\">\n\t\t\t\t\t<div class=\"elementor-column elementor-col-100 elementor-top-column elementor-element elementor-element-0ffc780\" data-id=\"0ffc780\" data-element_type=\"column\">\n\t\t\t<div class=\"elementor-widget-wrap elementor-element-populated\">\n\t\t\t\t\t\t<div class=\"elementor-element elementor-element-a44021a elementor-widget elementor-widget-heading\" data-id=\"a44021a\" data-element_type=\"widget\" data-widget_type=\"heading.default\">\n\t\t\t\t<div class=\"elementor-widget-container\">\n\t\t\t<h1 class=\"elementor-heading-title elementor-size-default\">Our properties for rent in Suisse Romande<\/h1>\t\t<\/div>\n\t\t\t\t<\/div>\n\t\t\t\t<div class=\"elementor-element elementor-element-757602b elementor-widget elementor-widget-WpResidence_Items_List\" data-id=\"757602b\" data-element_type=\"widget\" data-widget_type=\"WpResidence_Items_List.default\">\n\t\t\t\t<div class=\"elementor-widget-container\">\n\t\t\t<div id=\"wpestate_sh_anime_363\" class=\"article_container ddccdc wpestate_anime wpestate_latest_listings_sh bottom-estate_property \"  data-type=\"estate_property\" data-category_ids=\"\" data-action_ids=\"63,\" data-city_ids=\"\" data-area_ids=\"28, 99, 144, 197,\" data-state_ids=\"\" data-status_ids=\"\" data-features_ids=\"\" data-number=\"10\" data-row-number=\"2\" data-card-version=\"\" data-align=\"vertical\" data-show_featured_only=\"no\"  data-random_pick=\"no\"  data-featured_first=\"no\" data-sort-by=\"2\"data-display-grid=\"\"data-page=\"1\" ><div class=\"control_tax_wrapper\"><div  class=\"control_tax_sh\" data-taxid=\"18\" data-taxonomy=\"property_category\">Immeuble<\/div><div  class=\"control_tax_sh\" data-taxid=\"28\" data-taxonomy=\"property_area\">Gen\u00e8ve<\/div><div  class=\"control_tax_sh\" data-taxid=\"29\" data-taxonomy=\"property_category\">Appartement<\/div><div  class=\"control_tax_sh\" data-taxid=\"35\" data-taxonomy=\"property_category\">Maison<\/div><div  class=\"control_tax_sh\" data-taxid=\"147\" data-taxonomy=\"property_area\">France<\/div><div  class=\"control_tax_sh\" data-taxid=\"197\" data-taxonomy=\"property_area\">Suisse<\/div><div  class=\"control_tax_sh\" data-taxid=\"216\" data-taxonomy=\"property_category\">Prestige<\/div><\/div><div class=\"items_shortcode_wrapper  \">\n<div class=\"col-md-6 shortcode-col listing_wrapper \"\n    data-org=\"6\"\n    data-main-modal=\"http:\/\/staging.nessell.ch\/wp-content\/uploads\/2026\/01\/71e6e3594525cb3ca2e8496a1b13eaef_1655327a2e_1600-original-11895.jpg\"\n    data-modal-title=\"Furnished apartment for rent in Ch\u00eane-Bougeries\"\n    data-modal-link=\"http:\/\/staging.nessell.ch\/en\/annonce\/furnished-apartment-for-rent-in-chene-bougeries\/\"\n    data-listid=\"12186\" >\n\n\n    <div class=\"property_listing  property_card_default property_listing_custom_design \"\n         data-link=\"http:\/\/staging.nessell.ch\/en\/annonce\/furnished-apartment-for-rent-in-chene-bougeries\/\">\n\n        <div class=\"property_unit_custom row_no_1 col-md-12  \"><div class=\"property_unit_custom_element property_city  \"><a href=\"http:\/\/staging.nessell.ch\/en\/city\/chene-bougeries\/\" rel=\"tag\">Ch\u00eane-Bougeries<\/a><\/div><div class=\"property_unit_custom_element image  \"><div class=\"listing-unit-img-wrapper\"><a href=\"http:\/\/staging.nessell.ch\/en\/annonce\/furnished-apartment-for-rent-in-chene-bougeries\/\"><img fetchpriority=\"high\" decoding=\"async\" width=\"1600\" height=\"1078\" src=\"http:\/\/staging.nessell.ch\/wp-content\/uploads\/2026\/01\/71e6e3594525cb3ca2e8496a1b13eaef_1655327a2e_1600-original-11895.jpg\" class=\"lazyload img-responsive wp-post-image\" alt=\"\" data-original=\"http:\/\/staging.nessell.ch\/wp-content\/uploads\/2026\/01\/71e6e3594525cb3ca2e8496a1b13eaef_1655327a2e_1600-original-11895.jpg\" srcset=\"http:\/\/staging.nessell.ch\/wp-content\/uploads\/2026\/01\/71e6e3594525cb3ca2e8496a1b13eaef_1655327a2e_1600-original-11895.jpg 1600w, http:\/\/staging.nessell.ch\/wp-content\/uploads\/2026\/01\/71e6e3594525cb3ca2e8496a1b13eaef_1655327a2e_1600-original-11895-300x202.jpg 300w, http:\/\/staging.nessell.ch\/wp-content\/uploads\/2026\/01\/71e6e3594525cb3ca2e8496a1b13eaef_1655327a2e_1600-original-11895-1024x690.jpg 1024w, http:\/\/staging.nessell.ch\/wp-content\/uploads\/2026\/01\/71e6e3594525cb3ca2e8496a1b13eaef_1655327a2e_1600-original-11895-768x517.jpg 768w, http:\/\/staging.nessell.ch\/wp-content\/uploads\/2026\/01\/71e6e3594525cb3ca2e8496a1b13eaef_1655327a2e_1600-original-11895-1536x1035.jpg 1536w, http:\/\/staging.nessell.ch\/wp-content\/uploads\/2026\/01\/71e6e3594525cb3ca2e8496a1b13eaef_1655327a2e_1600-original-11895-105x70.jpg 105w\" sizes=\"(max-width: 1600px) 100vw, 1600px\" \/><\/a><div class=\"listing-cover\"><\/div><a href=\"http:\/\/staging.nessell.ch\/en\/annonce\/furnished-apartment-for-rent-in-chene-bougeries\/\"> <span class=\"listing-cover-plus\">+<\/span><\/a><\/div><\/div><div class=\"property_unit_custom_element property_price  \">3'490 <span class=\"price_label\">\/ month<\/span><\/div><div class=\"property_unit_custom_element description  \">In the garden of a house, discover this modern, independent 75 m\u00b2 apartment in the heart of Ch\u00eane-Bougeries. It off <a href=\"http:\/\/staging.nessell.ch\/en\/annonce\/furnished-apartment-for-rent-in-chene-bougeries\/\" class=\"unit_more_x\"> ...<\/a><\/div><div class=\"property_unit_custom_element property_bedrooms  \"><\/div><div class=\"property_unit_custom_element property_bathrooms  \"><\/div><div class=\"property_unit_custom_element property_action_category  \"><a href=\"http:\/\/staging.nessell.ch\/en\/action\/rental-en\/\" rel=\"tag\">Rental<\/a><\/div><div class=\"property_unit_custom_element property_size  \"><span>75.00 m<sup>2<\/sup><\/span><\/div><\/div>        <\/div>\n    <\/div>\n<\/div><div class=\"wpestate_listing_sh_loader\">\n       <div class=\"new_prelader\"><\/div>\n    <\/div><div class=\"listinglink-wrapper_sh_listings\">\n               <span class=\"wpresidence_button wpestate_item_list_sh\">load more listings <\/span>\n               <\/div><\/div>\t\t<\/div>\n\t\t\t\t<\/div>\n\t\t\t\t\t<\/div>\n\t\t<\/div>\n\t\t\t\t\t<\/div>\n\t\t<\/section>\n\t\t\t\t<section class=\"elementor-section elementor-top-section elementor-element elementor-element-3a31b6e elementor-section-boxed elementor-section-height-default elementor-section-height-default\" data-id=\"3a31b6e\" data-element_type=\"section\" data-settings=\"{&quot;background_background&quot;:&quot;classic&quot;}\">\n\t\t\t\t\t\t<div class=\"elementor-container elementor-column-gap-default\">\n\t\t\t\t\t<div class=\"elementor-column elementor-col-100 elementor-top-column elementor-element elementor-element-3c67c0da\" data-id=\"3c67c0da\" data-element_type=\"column\">\n\t\t\t<div class=\"elementor-widget-wrap elementor-element-populated\">\n\t\t\t\t\t\t<div class=\"elementor-element elementor-element-1c233a9b elementor-widget elementor-widget-heading\" data-id=\"1c233a9b\" data-element_type=\"widget\" id=\"alerte\" data-widget_type=\"heading.default\">\n\t\t\t\t<div class=\"elementor-widget-container\">\n\t\t\t<h2 class=\"elementor-heading-title elementor-size-default\">Create your e-mail alert so you don't miss any of our new properties!<\/h2>\t\t<\/div>\n\t\t\t\t<\/div>\n\t\t\t\t<div class=\"elementor-element elementor-element-41c4a66f elementor-widget elementor-widget-text-editor\" data-id=\"41c4a66f\" data-element_type=\"widget\" data-widget_type=\"text-editor.default\">\n\t\t\t\t<div class=\"elementor-widget-container\">\n\t\t\t\t\t\t\t<p>You will receive an e-mail for each of our newly published properties.<\/p>\t\t\t\t\t\t<\/div>\n\t\t\t\t<\/div>\n\t\t\t\t<section class=\"elementor-section elementor-inner-section elementor-element elementor-element-726cfa1c elementor-section-boxed elementor-section-height-default elementor-section-height-default\" data-id=\"726cfa1c\" data-element_type=\"section\">\n\t\t\t\t\t\t<div class=\"elementor-container elementor-column-gap-default\">\n\t\t\t\t\t<div class=\"elementor-column elementor-col-100 elementor-inner-column elementor-element elementor-element-4b392f18\" data-id=\"4b392f18\" data-element_type=\"column\">\n\t\t\t<div class=\"elementor-widget-wrap elementor-element-populated\">\n\t\t\t\t\t\t<div class=\"elementor-element elementor-element-f5b9904 elementor-button-align-stretch elementor-widget elementor-widget-form\" data-id=\"f5b9904\" data-element_type=\"widget\" data-settings=\"{&quot;step_next_label&quot;:&quot;Next&quot;,&quot;step_previous_label&quot;:&quot;Previous&quot;,&quot;button_width&quot;:&quot;100&quot;,&quot;step_type&quot;:&quot;number_text&quot;,&quot;step_icon_shape&quot;:&quot;circle&quot;}\" data-widget_type=\"form.default\">\n\t\t\t\t<div class=\"elementor-widget-container\">\n\t\t\t\t\t<form class=\"elementor-form\" method=\"post\" id=\"contact_property\" name=\"Contact for sale\">\n\t\t\t<input type=\"hidden\" name=\"post_id\" value=\"5950\"\/>\n\t\t\t<input type=\"hidden\" name=\"form_id\" value=\"f5b9904\"\/>\n\t\t\t<input type=\"hidden\" name=\"referer_title\" value=\"\" \/>\n\n\t\t\t\n\t\t\t<div class=\"elementor-form-fields-wrapper elementor-labels-above\">\n\t\t\t\t\t\t\t\t<div class=\"elementor-field-type-text elementor-field-group elementor-column elementor-field-group-firstname elementor-col-50 elementor-field-required elementor-mark-required\">\n\t\t\t\t\t\t\t\t\t\t\t\t<label for=\"form-field-firstname\" class=\"elementor-field-label\">\n\t\t\t\t\t\t\t\tFirst name\t\t\t\t\t\t\t<\/label>\n\t\t\t\t\t\t\t\t\t\t\t\t\t\t<input size=\"1\" type=\"text\" name=\"form_fields[firstname]\" id=\"form-field-firstname\" class=\"elementor-field elementor-size-md  elementor-field-textual\" placeholder=\"First name\" required=\"required\" aria-required=\"true\">\n\t\t\t\t\t\t\t\t\t\t\t<\/div>\n\t\t\t\t\t\t\t\t<div class=\"elementor-field-type-text elementor-field-group elementor-column elementor-field-group-lastname elementor-col-50 elementor-field-required elementor-mark-required\">\n\t\t\t\t\t\t\t\t\t\t\t\t<label for=\"form-field-lastname\" class=\"elementor-field-label\">\n\t\t\t\t\t\t\t\tName\t\t\t\t\t\t\t<\/label>\n\t\t\t\t\t\t\t\t\t\t\t\t\t\t<input size=\"1\" type=\"text\" name=\"form_fields[lastname]\" id=\"form-field-lastname\" class=\"elementor-field elementor-size-md  elementor-field-textual\" placeholder=\"Name\" required=\"required\" aria-required=\"true\">\n\t\t\t\t\t\t\t\t\t\t\t<\/div>\n\t\t\t\t\t\t\t\t<div class=\"elementor-field-type-email elementor-field-group elementor-column elementor-field-group-email elementor-col-50 elementor-field-required elementor-mark-required\">\n\t\t\t\t\t\t\t\t\t\t\t\t<label for=\"form-field-email\" class=\"elementor-field-label\">\n\t\t\t\t\t\t\t\tEmail\t\t\t\t\t\t\t<\/label>\n\t\t\t\t\t\t\t\t\t\t\t\t\t\t<input size=\"1\" type=\"email\" name=\"form_fields[email]\" id=\"form-field-email\" class=\"elementor-field elementor-size-md  elementor-field-textual\" placeholder=\"Email\" required=\"required\" aria-required=\"true\">\n\t\t\t\t\t\t\t\t\t\t\t<\/div>\n\t\t\t\t\t\t\t\t<div class=\"elementor-field-type-text elementor-field-group elementor-column elementor-field-group-mobile elementor-col-50 elementor-field-required elementor-mark-required\">\n\t\t\t\t\t\t\t\t\t\t\t\t<label for=\"form-field-mobile\" class=\"elementor-field-label\">\n\t\t\t\t\t\t\t\tPortable\t\t\t\t\t\t\t<\/label>\n\t\t\t\t\t\t\t\t\t\t\t\t\t\t<input size=\"1\" type=\"text\" name=\"form_fields[mobile]\" id=\"form-field-mobile\" class=\"elementor-field elementor-size-md  elementor-field-textual\" placeholder=\"Portable\" required=\"required\" aria-required=\"true\">\n\t\t\t\t\t\t\t\t\t\t\t<\/div>\n\t\t\t\t\t\t\t\t<div class=\"elementor-field-type-acceptance elementor-field-group elementor-column elementor-field-group-gdpr elementor-col-100 elementor-field-required elementor-mark-required\">\n\t\t\t\t\t\t\t<div class=\"elementor-field-subgroup\">\n\t\t\t<span class=\"elementor-field-option\">\n\t\t\t\t<input type=\"checkbox\" name=\"form_fields[gdpr]\" id=\"form-field-gdpr\" class=\"elementor-field elementor-size-md  elementor-acceptance-field\" required=\"required\" aria-required=\"true\">\n\t\t\t\t<label for=\"form-field-gdpr\">By submitting this form, I agree that the information collected may be used in connection with the request made and the resulting commercial relationship.<\/label>\t\t\t<\/span>\n\t\t<\/div>\n\t\t\t\t\t\t<\/div>\n\t\t\t\t\t\t\t\t<div class=\"elementor-field-group elementor-column elementor-field-type-submit elementor-col-100 e-form__buttons\">\n\t\t\t\t\t<button type=\"submit\" class=\"elementor-button elementor-size-sm\">\n\t\t\t\t\t\t<span >\n\t\t\t\t\t\t\t\t\t\t\t\t\t\t\t<span class=\" elementor-button-icon\">\n\t\t\t\t\t\t\t\t\t\t\t\t\t\t\t\t\t\t\t\t\t\t\t\t\t\t<\/span>\n\t\t\t\t\t\t\t\t\t\t\t\t\t\t\t\t\t\t\t\t\t\t<span class=\"elementor-button-text\">Send<\/span>\n\t\t\t\t\t\t\t\t\t\t\t\t\t<\/span>\n\t\t\t\t\t<\/button>\n\t\t\t\t<\/div>\n\t\t\t<\/div>\n\t\t<\/form>\n\t\t\t\t<\/div>\n\t\t\t\t<\/div>\n\t\t\t\t\t<\/div>\n\t\t<\/div>\n\t\t\t\t\t<\/div>\n\t\t<\/section>\n\t\t\t\t\t<\/div>\n\t\t<\/div>\n\t\t\t\t\t<\/div>\n\t\t<\/section>\n\t\t\t\t<\/div>\n\t\t","protected":false},"excerpt":{"rendered":"<p>Our properties for rent in Suisse Romande ImmeubleGen\u00e8veAppartementMaisonFranceSuissePrestige Location CHF 380 \/ mois Parking sous-terrain aux Eaux-Vives Location CHF 2&#8217;100 \/ mois Belle surface \u00e0 exploiter 100.00 m2 Location CHF 2&#8217;420 \/ mois Charmant appartement dans une magnifique mai&#8230; 1 BA60.00 m2 Location CHF 3&#8217;490 \/ mois Appartement meubl\u00e9 \u00e0 louer \u00e0 Ch\u00eane-Bougeries 75.00 m2 Location CHF 3&#8217;886 \/ mois Id\u00e9al profession lib\u00e9rale &#8211; &#8230;<\/p>\n","protected":false},"author":5,"featured_media":0,"parent":0,"menu_order":0,"comment_status":"closed","ping_status":"closed","template":"","meta":{"footnotes":""},"class_list":["post-5950","page","type-page","status-publish","hentry"],"_links":{"self":[{"href":"http:\/\/staging.nessell.ch\/en\/wp-json\/wp\/v2\/pages\/5950","targetHints":{"allow":["GET"]}}],"collection":[{"href":"http:\/\/staging.nessell.ch\/en\/wp-json\/wp\/v2\/pages"}],"about":[{"href":"http:\/\/staging.nessell.ch\/en\/wp-json\/wp\/v2\/types\/page"}],"author":[{"embeddable":true,"href":"http:\/\/staging.nessell.ch\/en\/wp-json\/wp\/v2\/users\/5"}],"replies":[{"embeddable":true,"href":"http:\/\/staging.nessell.ch\/en\/wp-json\/wp\/v2\/comments?post=5950"}],"version-history":[{"count":13,"href":"http:\/\/staging.nessell.ch\/en\/wp-json\/wp\/v2\/pages\/5950\/revisions"}],"predecessor-version":[{"id":12234,"href":"http:\/\/staging.nessell.ch\/en\/wp-json\/wp\/v2\/pages\/5950\/revisions\/12234"}],"wp:attachment":[{"href":"http:\/\/staging.nessell.ch\/en\/wp-json\/wp\/v2\/media?parent=5950"}],"curies":[{"name":"wp","href":"https:\/\/api.w.org\/{rel}","templated":true}]}}